{"id":166,"date":"2020-04-05T14:57:31","date_gmt":"2020-04-05T11:57:31","guid":{"rendered":"http:\/\/super1.lv\/?page_id=166"},"modified":"2023-08-23T20:20:01","modified_gmt":"2023-08-23T17:20:01","slug":"contacts","status":"publish","type":"page","link":"https:\/\/super1.lv\/?page_id=166","title":{"rendered":"\u041e \u043d\u0430\u0441"},"content":{"rendered":"\r\n<p class=\"has-text-color has-very-dark-gray-color\" style=\"font-size: 32px;\">\u00a0<\/p>\r\n\r\n\r\n\r\n<p>\u200c\u200c\u200d\u200d<\/p>\r\n\r\n\r\n\r\n<p style=\"font-size: 26px;\"><strong>\u041f\u0440\u043e\u0434\u0430\u044e \u0430\u043a\u0432\u0430\u0440\u0438\u0443\u043c\u043d\u044b\u0445 \u0440\u044b\u0431, \u0440\u0430\u0441\u0442\u0435\u043d\u0438\u044f, \u043e\u0431\u043e\u0440\u0443\u0434\u043e\u0432\u0430\u043d\u0438\u0435, \u043a\u043d\u0438\u0433\u0438, \u0443\u0447\u0435\u0431\u043d\u0438\u043a\u0438, \u0445\u0440\u0443\u0441\u0442\u0430\u043b\u044c\u043d\u044b\u0435 \u0432\u0430\u0437\u044b, \u0431\u043e\u043a\u0430\u043b\u044b, \u0448\u0430\u043b\u0438 \u0438 \u0434\u0440.<\/strong><\/p>\r\n\r\n\r\n\r\n<p>&nbsp;<\/p>\r\n\r\n\r\n\r\n<p style=\"font-size: 26px;\"><strong>\u0112r\u0123e\u013cu iela 1, R\u012bga, Latvija <\/strong><\/p>\r\n<p style=\"font-size: 26px;\"><strong>mob. <\/strong><strong>+371 22070707 (\u041b\u0435\u043d\u0430) <\/strong><\/p>\r\n<p style=\"font-size: 26px;\"><strong>e<\/strong><strong>-mail: psionic.official@yandex.ru<\/strong><\/p>\r\n<p>&nbsp;<\/p>\r\n\r\n\r\n\r\n<p style=\"font-size: 26px;\"><strong>\u041c\u044b \u043d\u0435 \u043c\u0430\u0433\u0430\u0437\u0438\u043d \ud83d\ude42 \u041f\u043e\u0436\u0430\u043b\u0443\u0439\u0441\u0442\u0430, \u0441\u0432\u044f\u0436\u0438\u0442\u0435\u0441\u044c \u0441 \u043d\u0430\u043c\u0438, \u0447\u0442\u043e\u0431\u044b \u0434\u043e\u0433\u043e\u0432\u043e\u0440\u0438\u0442\u044c\u0441\u044f \u043e \u0432\u0441\u0442\u0440\u0435\u0447\u0435. \u0411\u0443\u0434\u0435\u043c \u0436\u0434\u0430\u0442\u044c!<\/strong><\/p>\r\n\r\n\r\n\r\n<p>&nbsp;<\/p>\r\n\r\n\r\n\r\n<p style=\"font-size: 26px;\">\u00a0<\/p>\r\n","protected":false},"excerpt":{"rendered":"<p>\u00a0 \u200c\u200c\u200d\u200d \u041f\u0440\u043e\u0434\u0430\u044e \u0430\u043a\u0432\u0430\u0440\u0438\u0443\u043c\u043d\u044b\u0445 \u0440\u044b\u0431, \u0440\u0430\u0441\u0442\u0435\u043d\u0438\u044f, \u043e\u0431\u043e\u0440\u0443\u0434\u043e\u0432\u0430\u043d\u0438\u0435, \u043a\u043d\u0438\u0433\u0438, \u0443\u0447\u0435\u0431\u043d\u0438\u043a\u0438, \u0445\u0440\u0443\u0441\u0442\u0430\u043b\u044c\u043d\u044b\u0435 \u0432\u0430\u0437\u044b, \u0431\u043e\u043a\u0430\u043b\u044b, \u0448\u0430\u043b\u0438 \u0438 \u0434\u0440. &nbsp; \u0112r\u0123e\u013cu iela 1, R\u012bga,&hellip;<\/p>\n","protected":false},"author":1,"featured_media":0,"parent":0,"menu_order":0,"comment_status":"closed","ping_status":"closed","template":"","meta":{"footnotes":""},"_links":{"self":[{"href":"https:\/\/super1.lv\/index.php?rest_route=\/wp\/v2\/pages\/166"}],"collection":[{"href":"https:\/\/super1.lv\/index.php?rest_route=\/wp\/v2\/pages"}],"about":[{"href":"https:\/\/super1.lv\/index.php?rest_route=\/wp\/v2\/types\/page"}],"author":[{"embeddable":true,"href":"https:\/\/super1.lv\/index.php?rest_route=\/wp\/v2\/users\/1"}],"replies":[{"embeddable":true,"href":"https:\/\/super1.lv\/index.php?rest_route=%2Fwp%2Fv2%2Fcomments&post=166"}],"version-history":[{"count":6,"href":"https:\/\/super1.lv\/index.php?rest_route=\/wp\/v2\/pages\/166\/revisions"}],"predecessor-version":[{"id":438,"href":"https:\/\/super1.lv\/index.php?rest_route=\/wp\/v2\/pages\/166\/revisions\/438"}],"wp:attachment":[{"href":"https:\/\/super1.lv\/index.php?rest_route=%2Fwp%2Fv2%2Fmedia&parent=166"}],"curies":[{"name":"wp","href":"https:\/\/api.w.org\/{rel}","templated":true}]}}